{"id":677,"date":"2024-02-03T14:49:27","date_gmt":"2024-02-03T12:49:27","guid":{"rendered":"https:\/\/bobyjuice.ro\/despre-noi\/"},"modified":"2024-02-15T23:01:35","modified_gmt":"2024-02-15T21:01:35","slug":"despre-noi","status":"publish","type":"page","link":"https:\/\/bobyjuice.ro\/ro\/despre-noi\/","title":{"rendered":"Despre noi"},"content":{"rendered":"\t\t<div data-elementor-type=\"wp-page\" data-elementor-id=\"677\" class=\"elementor elementor-677 elementor-231\">\n\t\t\t\t<div class=\"elementor-element elementor-element-6d238ac e-con-full e-flex e-con e-parent\" data-id=\"6d238ac\" data-element_type=\"container\" data-settings=\"{&quot;background_background&quot;:&quot;classic&quot;}\">\n\t\t<div class=\"elementor-element elementor-element-8d17afc e-con-full e-flex e-con e-child\" data-id=\"8d17afc\" data-element_type=\"container\">\n\t\t\t\t<div class=\"elementor-element elementor-element-9d6229d elementor-widget elementor-widget-heading\" data-id=\"9d6229d\" data-element_type=\"widget\" data-widget_type=\"heading.default\">\n\t\t\t\t<div class=\"elementor-widget-container\">\n\t\t\t\t\t<h2 class=\"elementor-heading-title elementor-size-default\">DESPRE NOI<\/h2>\t\t\t\t<\/div>\n\t\t\t\t<\/div>\n\t\t\t\t<\/div>\n\t\t\t\t<\/div>\n\t\t<div class=\"elementor-element elementor-element-aa773a5 e-flex e-con-boxed e-con e-parent\" data-id=\"aa773a5\" data-element_type=\"container\">\n\t\t\t\t\t<div class=\"e-con-inner\">\n\t\t<div class=\"elementor-element elementor-element-68ccad0 e-flex e-con-boxed e-con e-child\" data-id=\"68ccad0\" data-element_type=\"container\">\n\t\t\t\t\t<div class=\"e-con-inner\">\n\t\t\t\t<div class=\"elementor-element elementor-element-a404acd elementor-widget elementor-widget-text-editor\" data-id=\"a404acd\" data-element_type=\"widget\" data-widget_type=\"text-editor.default\">\n\t\t\t\t<div class=\"elementor-widget-container\">\n\t\t\t\t\t\t\t\t\t<p>Compania noastr\u0103 a intrat pe pia\u021b\u0103 \u00een 2023, rezultatul unei viziuni \u0219i al unei pasiuni conduse de angajamentul fa\u021b\u0103 de presarea merelor \u0219i de crearea de suc de mere proasp\u0103t \u0219i de calitate.<\/p>\n<p>Calitatea echipamentelor pe care le folosim este excep\u021bional\u0103, deoarece au fost achizi\u021bionate cu fonduri nerambursabile.&nbsp;<\/p><p>Folosind fructe proaspete de mere de la produc\u0103torii locali, preg\u0103tim suc de mere proasp\u0103t \u0219i gustos din regiunea noastr\u0103, pe care dorim s\u0103 \u00eel distribuim \u00een magazinele \u0219i restaurantele din \u00eemprejurimi, \u00een jude\u021bele Harghita, Covasna, Mure\u0219, Bra\u0219ov.<\/p>\n<p>Scopul nostru nu este doar de a produce suc de mere, ci \u0219i de a promova un stil de via\u021b\u0103 s\u0103n\u0103tos \u0219i produse de calitate.&nbsp;<\/p><p>Prin consolidarea leg\u0103turilor noastre locale \u0219i prin utilizarea celor mai proaspete ingrediente, dorim s\u0103 ne \u00eenc\u00e2nt\u0103m clien\u021bii cu un produs pe care \u00eel facem cu m\u00e2ndrie \u0219i dragoste.<\/p>\n<p>Ne str\u0103duim din toat\u0103 inima \u0219i din tot sufletul s\u0103 le oferim clien\u021bilor no\u0219tri nu doar un produs, ci \u0219i o experien\u021b\u0103 \u0219i un stil de via\u021b\u0103 de calitate.<\/p>\n<p>Le mul\u021bumim tuturor celor care ne sus\u021bin activitatea \u0219i cred \u00een calitatea \u0219i unicitatea produselor noastre.<\/p>\t\t\t\t\t\t\t\t<\/div>\n\t\t\t\t<\/div>\n\t\t\t\t\t<\/div>\n\t\t\t\t<\/div>\n\t\t<div class=\"elementor-element elementor-element-40640e8 e-con-full e-flex e-con e-child\" data-id=\"40640e8\" data-element_type=\"container\">\n\t\t\t\t<div class=\"elementor-element elementor-element-176ac33 elementor-widget elementor-widget-image\" data-id=\"176ac33\" data-element_type=\"widget\" data-widget_type=\"image.default\">\n\t\t\t\t<div class=\"elementor-widget-container\">\n\t\t\t\t\t\t\t\t\t\t\t\t\t\t\t<img fetchpriority=\"high\" decoding=\"async\" width=\"800\" height=\"831\" src=\"https:\/\/bobyjuice.ro\/wp-content\/uploads\/2024\/02\/421946106_122127081440157173_3160172344706033851_n.jpg\" class=\"attachment-large size-large wp-image-1200\" alt=\"almale\" srcset=\"https:\/\/bobyjuice.ro\/wp-content\/uploads\/2024\/02\/421946106_122127081440157173_3160172344706033851_n.jpg 840w, https:\/\/bobyjuice.ro\/wp-content\/uploads\/2024\/02\/421946106_122127081440157173_3160172344706033851_n-289x300.jpg 289w, https:\/\/bobyjuice.ro\/wp-content\/uploads\/2024\/02\/421946106_122127081440157173_3160172344706033851_n-768x798.jpg 768w, https:\/\/bobyjuice.ro\/wp-content\/uploads\/2024\/02\/421946106_122127081440157173_3160172344706033851_n-200x208.jpg 200w, https:\/\/bobyjuice.ro\/wp-content\/uploads\/2024\/02\/421946106_122127081440157173_3160172344706033851_n-600x624.jpg 600w\" sizes=\"(max-width: 800px) 100vw, 800px\" \/>\t\t\t\t\t\t\t\t\t\t\t\t\t\t\t<\/div>\n\t\t\t\t<\/div>\n\t\t\t\t<\/div>\n\t\t\t\t\t<\/div>\n\t\t\t\t<\/div>\n\t\t<div class=\"elementor-element elementor-element-8bdd60d e-flex e-con-boxed e-con e-parent\" data-id=\"8bdd60d\" data-element_type=\"container\" data-settings=\"{&quot;background_background&quot;:&quot;classic&quot;}\">\n\t\t\t\t\t<div class=\"e-con-inner\">\n\t\t\t\t<div class=\"elementor-element elementor-element-578f8e4 elementor-widget elementor-widget-text-editor\" data-id=\"578f8e4\" data-element_type=\"widget\" data-widget_type=\"text-editor.default\">\n\t\t\t\t<div class=\"elementor-widget-container\">\n\t\t\t\t\t\t\t\t\t<p>Este important de re\u021binut c\u0103, de\u0219i sucul de mere are multe beneficii, acesta trebuie consumat cu modera\u021bie, deoarece este bogat \u00een zah\u0103r. Pasteurizarea ajut\u0103 la p\u0103strarea prospe\u021bimii \u0219i a valorii nutritive a sucului de mere.<\/p>\n\t\t\t\t\t\t\t\t<\/div>\n\t\t\t\t<\/div>\n\t\t\t\t\t<\/div>\n\t\t\t\t<\/div>\n\t\t<div class=\"elementor-element elementor-element-782ee7a e-flex e-con-boxed e-con e-parent\" data-id=\"782ee7a\" data-element_type=\"container\">\n\t\t\t\t\t<div class=\"e-con-inner\">\n\t\t\t\t<div class=\"elementor-element elementor-element-88e5934 elementor-widget elementor-widget-video\" data-id=\"88e5934\" data-element_type=\"widget\" data-settings=\"{&quot;video_type&quot;:&quot;hosted&quot;,&quot;controls&quot;:&quot;yes&quot;}\" data-widget_type=\"video.default\">\n\t\t\t\t<div class=\"elementor-widget-container\">\n\t\t\t\t\t\t\t<div class=\"e-hosted-video elementor-wrapper elementor-open-inline\">\n\t\t\t\t\t<video class=\"elementor-video\" src=\"https:\/\/bobyjuice.ro\/wp-content\/uploads\/2024\/02\/VIDEO-2024-02-02-09-33-57.mp4\" controls=\"\" preload=\"metadata\" controlsList=\"nodownload\"><\/video>\n\t\t\t\t<\/div>\n\t\t\t\t\t\t<\/div>\n\t\t\t\t<\/div>\n\t\t\t\t\t<\/div>\n\t\t\t\t<\/div>\n\t\t\t\t<\/div>\n\t\t","protected":false},"excerpt":{"rendered":"<p>DESPRE NOI Compania noastr\u0103 a intrat pe pia\u021b\u0103 \u00een 2023, rezultatul unei viziuni \u0219i al unei pasiuni conduse de angajamentul fa\u021b\u0103 de presarea merelor \u0219i de crearea de suc de mere proasp\u0103t \u0219i de calitate. Calitatea echipamentelor pe care le folosim este excep\u021bional\u0103, deoarece au fost achizi\u021bionate cu fonduri nerambursabile.&nbsp; Folosind fructe proaspete de mere [&hellip;]<\/p>\n","protected":false},"author":1,"featured_media":0,"parent":0,"menu_order":0,"comment_status":"closed","ping_status":"closed","template":"","meta":{"_eb_attr":"","footnotes":""},"class_list":["post-677","page","type-page","status-publish","hentry"],"_links":{"self":[{"href":"https:\/\/bobyjuice.ro\/ro\/wp-json\/wp\/v2\/pages\/677","targetHints":{"allow":["GET"]}}],"collection":[{"href":"https:\/\/bobyjuice.ro\/ro\/wp-json\/wp\/v2\/pages"}],"about":[{"href":"https:\/\/bobyjuice.ro\/ro\/wp-json\/wp\/v2\/types\/page"}],"author":[{"embeddable":true,"href":"https:\/\/bobyjuice.ro\/ro\/wp-json\/wp\/v2\/users\/1"}],"replies":[{"embeddable":true,"href":"https:\/\/bobyjuice.ro\/ro\/wp-json\/wp\/v2\/comments?post=677"}],"version-history":[{"count":0,"href":"https:\/\/bobyjuice.ro\/ro\/wp-json\/wp\/v2\/pages\/677\/revisions"}],"wp:attachment":[{"href":"https:\/\/bobyjuice.ro\/ro\/wp-json\/wp\/v2\/media?parent=677"}],"curies":[{"name":"wp","href":"https:\/\/api.w.org\/{rel}","templated":true}]}}