{"id":671,"date":"2024-02-05T15:35:02","date_gmt":"2024-02-05T13:35:02","guid":{"rendered":"https:\/\/bobyjuice.ro\/product\/almale\/"},"modified":"2024-02-12T12:57:31","modified_gmt":"2024-02-12T10:57:31","slug":"suc-de-mere","status":"publish","type":"product","link":"https:\/\/bobyjuice.ro\/ro\/product\/suc-de-mere\/","title":{"rendered":"Suc de mere"},"content":{"rendered":"<p>Ingrediente: 100% mere<br \/>\nA se consuma de preferin\u021b\u0103 \u00eenainte de: vezi data de pe ambalaj.<br \/>\nA sa p\u0103stra \u00eentr-un loc r\u0103coros, ferit de \u00eenghe\u021b:<br \/>\nA se agita \u00eenainte de folosire. Dup\u0103 desfacere consuma\u021bi \u00een maxim 5 zile<br \/>\nValori medii nutri\u021bionale pentru 100 ml:<br \/>\nEnergie 47 kcal\/185 kj, Proteine 0,1 g, Glucide 11,7g, Lipide 0,1g Sare 0,0g<\/p>\n<p><strong>Alege\u021bi ambalajul potrivit<\/strong><\/p>\n","protected":false},"excerpt":{"rendered":"<p>Ingrediente: 100% mere<br \/>\nA se consuma de preferin\u021b\u0103 \u00eenainte de: vezi data de pe ambalaj.<br \/>\nA sa p\u0103stra \u00eentr-un loc r\u0103coros, ferit de \u00eenghe\u021b:<br \/>\nA se agita \u00eenainte de folosire. Dup\u0103 desfacere consuma\u021bi \u00een maxim 5 zile<br \/>\nValori medii nutri\u021bionale pentru 100 ml:<br \/>\nEnergie 47 kcal\/185 kj, Proteine 0,1 g, Glucide 11,7g, Lipide 0,1g Sare 0,0g<\/p>\n<p><strong>Alege\u021bi ambalajul potrivit<\/strong><\/p>\n","protected":false},"featured_media":666,"template":"","meta":{"_eb_attr":""},"product_brand":[],"product_cat":[31],"product_tag":[32],"class_list":{"0":"post-671","1":"product","2":"type-product","3":"status-publish","4":"has-post-thumbnail","6":"product_cat-suc-de-mere","7":"product_tag-almale-ro","9":"first","10":"instock","11":"shipping-taxable","12":"purchasable","13":"product-type-variable","14":"has-default-attributes"},"_links":{"self":[{"href":"https:\/\/bobyjuice.ro\/ro\/wp-json\/wp\/v2\/product\/671","targetHints":{"allow":["GET"]}}],"collection":[{"href":"https:\/\/bobyjuice.ro\/ro\/wp-json\/wp\/v2\/product"}],"about":[{"href":"https:\/\/bobyjuice.ro\/ro\/wp-json\/wp\/v2\/types\/product"}],"version-history":[{"count":0,"href":"https:\/\/bobyjuice.ro\/ro\/wp-json\/wp\/v2\/product\/671\/revisions"}],"wp:featuredmedia":[{"embeddable":true,"href":"https:\/\/bobyjuice.ro\/ro\/wp-json\/wp\/v2\/media\/666"}],"wp:attachment":[{"href":"https:\/\/bobyjuice.ro\/ro\/wp-json\/wp\/v2\/media?parent=671"}],"wp:term":[{"taxonomy":"product_brand","embeddable":true,"href":"https:\/\/bobyjuice.ro\/ro\/wp-json\/wp\/v2\/product_brand?post=671"},{"taxonomy":"product_cat","embeddable":true,"href":"https:\/\/bobyjuice.ro\/ro\/wp-json\/wp\/v2\/product_cat?post=671"},{"taxonomy":"product_tag","embeddable":true,"href":"https:\/\/bobyjuice.ro\/ro\/wp-json\/wp\/v2\/product_tag?post=671"}],"curies":[{"name":"wp","href":"https:\/\/api.w.org\/{rel}","templated":true}]}}